{"id":747,"date":"2025-04-07T13:47:27","date_gmt":"2025-04-07T11:47:27","guid":{"rendered":"https:\/\/www.superbruk.com.pl\/?page_id=747"},"modified":"2025-06-26T13:35:25","modified_gmt":"2025-06-26T11:35:25","slug":"sun-line","status":"publish","type":"page","link":"https:\/\/www.superbruk.com.pl\/en\/precious-products\/sun-line\/","title":{"rendered":"Sun line"},"content":{"rendered":"<section class=\"l-section wpb_row height_medium\"><div class=\"l-section-h i-cf\"><div class=\"g-cols vc_row via_flex valign_top type_default stacking_default\"><div class=\"vc_col-sm-12 wpb_column vc_column_container\"><div class=\"vc_column-inner\"><div class=\"wpb_wrapper\"><div class=\"wpb_text_column us_custom_432d3f53\"><div class=\"wpb_wrapper\"><p><span>A grouping of eight different collections of pavers with a common denominator of\u00a0<\/span><strong>inspiration from nature<\/strong><span>\u00a0i\u00a0<\/span><strong>traditional design<\/strong><span>. An advantage of the SUN LINE paving blocks is the extensive colour range, especially the unique melanges, combining functional use and aesthetic appearance.\u00a0<\/span><\/p>\n<\/div><\/div><\/div><\/div><\/div><\/div><\/div><\/section>","protected":false},"excerpt":{"rendered":"Grupa skupiaj\u0105ca osiem r\u00f3\u017cnych kolekcji kostek brukowych, dla kt\u00f3rych wsp\u00f3lnym mianownikiem s\u0105\u00a0inspiracje czerpane z natury\u00a0i\u00a0tradycyjne wzornictwo. Atutem kostek brukowych SUN LINE jest rozbudowana kolorystyka, a w szczeg\u00f3lno\u015bci niepowtarzalne melan\u017ce, \u0142\u0105cz\u0105ce w sobie funkcjonalno\u015b\u0107 u\u017cytkow\u0105 i estetyczny wygl\u0105d.\u00a0","protected":false},"author":1,"featured_media":539,"parent":234,"menu_order":0,"comment_status":"closed","ping_status":"closed","template":"","meta":{"_acf_changed":false,"footnotes":""},"produkty":[43],"class_list":["post-747","page","type-page","status-publish","has-post-thumbnail","hentry","produkty-sun-line"],"acf":[],"yoast_head":"<!-- This site is optimized with the Yoast SEO plugin v25.7 - https:\/\/yoast.com\/wordpress\/plugins\/seo\/ -->\n<title>Sun line - ABW Superbruk<\/title>\n<meta name=\"robots\" content=\"index, follow, max-snippet:-1, max-image-preview:large, max-video-preview:-1\" \/>\n<link rel=\"canonical\" href=\"https:\/\/www.superbruk.com.pl\/en\/precious-products\/sun-line\/\" \/>\n<meta property=\"og:locale\" content=\"en_GB\" \/>\n<meta property=\"og:type\" content=\"article\" \/>\n<meta property=\"og:title\" content=\"Sun line - ABW Superbruk\" \/>\n<meta property=\"og:url\" content=\"https:\/\/www.superbruk.com.pl\/en\/precious-products\/sun-line\/\" \/>\n<meta property=\"og:site_name\" content=\"ABW Superbruk\" \/>\n<meta property=\"article:modified_time\" content=\"2025-06-26T11:35:25+00:00\" \/>\n<meta property=\"og:image\" content=\"https:\/\/www.superbruk.com.pl\/wp-content\/uploads\/2025\/04\/SUN-LINE-1.webp\" \/>\n\t<meta property=\"og:image:width\" content=\"702\" \/>\n\t<meta property=\"og:image:height\" content=\"829\" \/>\n\t<meta property=\"og:image:type\" content=\"image\/png\" \/>\n<meta name=\"twitter:card\" content=\"summary_large_image\" \/>\n<meta name=\"twitter:label1\" content=\"Estimated reading time\" \/>\n\t<meta name=\"twitter:data1\" content=\"1 minute\" \/>\n<script type=\"application\/ld+json\" class=\"yoast-schema-graph\">{\"@context\":\"https:\/\/schema.org\",\"@graph\":[{\"@type\":\"WebPage\",\"@id\":\"https:\/\/www.superbruk.com.pl\/produkty-szlachetne\/sun-line\/\",\"url\":\"https:\/\/www.superbruk.com.pl\/produkty-szlachetne\/sun-line\/\",\"name\":\"Sun line - ABW Superbruk\",\"isPartOf\":{\"@id\":\"https:\/\/www.superbruk.com.pl\/#website\"},\"primaryImageOfPage\":{\"@id\":\"https:\/\/www.superbruk.com.pl\/produkty-szlachetne\/sun-line\/#primaryimage\"},\"image\":{\"@id\":\"https:\/\/www.superbruk.com.pl\/produkty-szlachetne\/sun-line\/#primaryimage\"},\"thumbnailUrl\":\"https:\/\/www.superbruk.com.pl\/wp-content\/uploads\/2025\/04\/SUN-LINE-1.webp\",\"datePublished\":\"2025-04-07T11:47:27+00:00\",\"dateModified\":\"2025-06-26T11:35:25+00:00\",\"breadcrumb\":{\"@id\":\"https:\/\/www.superbruk.com.pl\/produkty-szlachetne\/sun-line\/#breadcrumb\"},\"inLanguage\":\"en-GB\",\"potentialAction\":[{\"@type\":\"ReadAction\",\"target\":[\"https:\/\/www.superbruk.com.pl\/produkty-szlachetne\/sun-line\/\"]}]},{\"@type\":\"ImageObject\",\"inLanguage\":\"en-GB\",\"@id\":\"https:\/\/www.superbruk.com.pl\/produkty-szlachetne\/sun-line\/#primaryimage\",\"url\":\"https:\/\/www.superbruk.com.pl\/wp-content\/uploads\/2025\/04\/SUN-LINE-1.webp\",\"contentUrl\":\"https:\/\/www.superbruk.com.pl\/wp-content\/uploads\/2025\/04\/SUN-LINE-1.webp\",\"width\":702,\"height\":829,\"caption\":\"SUN LINE\"},{\"@type\":\"BreadcrumbList\",\"@id\":\"https:\/\/www.superbruk.com.pl\/produkty-szlachetne\/sun-line\/#breadcrumb\",\"itemListElement\":[{\"@type\":\"ListItem\",\"position\":1,\"name\":\"Strona g\u0142\u00f3wna\",\"item\":\"https:\/\/www.superbruk.com.pl\/\"},{\"@type\":\"ListItem\",\"position\":2,\"name\":\"Produkty szlachetne\",\"item\":\"https:\/\/www.superbruk.com.pl\/produkty-szlachetne\/\"},{\"@type\":\"ListItem\",\"position\":3,\"name\":\"Sun line\"}]},{\"@type\":\"WebSite\",\"@id\":\"https:\/\/www.superbruk.com.pl\/#website\",\"url\":\"https:\/\/www.superbruk.com.pl\/\",\"name\":\"Superbruk\",\"description\":\"\",\"publisher\":{\"@id\":\"https:\/\/www.superbruk.com.pl\/#organization\"},\"potentialAction\":[{\"@type\":\"SearchAction\",\"target\":{\"@type\":\"EntryPoint\",\"urlTemplate\":\"https:\/\/www.superbruk.com.pl\/?s={search_term_string}\"},\"query-input\":{\"@type\":\"PropertyValueSpecification\",\"valueRequired\":true,\"valueName\":\"search_term_string\"}}],\"inLanguage\":\"en-GB\"},{\"@type\":\"Organization\",\"@id\":\"https:\/\/www.superbruk.com.pl\/#organization\",\"name\":\"Superbruk\",\"url\":\"https:\/\/www.superbruk.com.pl\/\",\"logo\":{\"@type\":\"ImageObject\",\"inLanguage\":\"en-GB\",\"@id\":\"https:\/\/www.superbruk.com.pl\/#\/schema\/logo\/image\/\",\"url\":\"https:\/\/www.superbruk.com.pl\/wp-content\/uploads\/2025\/03\/logo.png\",\"contentUrl\":\"https:\/\/www.superbruk.com.pl\/wp-content\/uploads\/2025\/03\/logo.png\",\"width\":154,\"height\":44,\"caption\":\"Superbruk\"},\"image\":{\"@id\":\"https:\/\/www.superbruk.com.pl\/#\/schema\/logo\/image\/\"}}]}<\/script>\n<!-- \/ Yoast SEO plugin. -->","yoast_head_json":{"title":"Sun line - ABW Superbruk","robots":{"index":"index","follow":"follow","max-snippet":"max-snippet:-1","max-image-preview":"max-image-preview:large","max-video-preview":"max-video-preview:-1"},"canonical":"https:\/\/www.superbruk.com.pl\/en\/precious-products\/sun-line\/","og_locale":"en_GB","og_type":"article","og_title":"Sun line - ABW Superbruk","og_url":"https:\/\/www.superbruk.com.pl\/en\/precious-products\/sun-line\/","og_site_name":"ABW Superbruk","article_modified_time":"2025-06-26T11:35:25+00:00","og_image":[{"width":702,"height":829,"url":"https:\/\/www.superbruk.com.pl\/wp-content\/uploads\/2025\/04\/SUN-LINE-1.webp","type":"image\/png"}],"twitter_card":"summary_large_image","twitter_misc":{"Estimated reading time":"1 minute"},"schema":{"@context":"https:\/\/schema.org","@graph":[{"@type":"WebPage","@id":"https:\/\/www.superbruk.com.pl\/produkty-szlachetne\/sun-line\/","url":"https:\/\/www.superbruk.com.pl\/produkty-szlachetne\/sun-line\/","name":"Sun line - ABW Superbruk","isPartOf":{"@id":"https:\/\/www.superbruk.com.pl\/#website"},"primaryImageOfPage":{"@id":"https:\/\/www.superbruk.com.pl\/produkty-szlachetne\/sun-line\/#primaryimage"},"image":{"@id":"https:\/\/www.superbruk.com.pl\/produkty-szlachetne\/sun-line\/#primaryimage"},"thumbnailUrl":"https:\/\/www.superbruk.com.pl\/wp-content\/uploads\/2025\/04\/SUN-LINE-1.webp","datePublished":"2025-04-07T11:47:27+00:00","dateModified":"2025-06-26T11:35:25+00:00","breadcrumb":{"@id":"https:\/\/www.superbruk.com.pl\/produkty-szlachetne\/sun-line\/#breadcrumb"},"inLanguage":"en-GB","potentialAction":[{"@type":"ReadAction","target":["https:\/\/www.superbruk.com.pl\/produkty-szlachetne\/sun-line\/"]}]},{"@type":"ImageObject","inLanguage":"en-GB","@id":"https:\/\/www.superbruk.com.pl\/produkty-szlachetne\/sun-line\/#primaryimage","url":"https:\/\/www.superbruk.com.pl\/wp-content\/uploads\/2025\/04\/SUN-LINE-1.webp","contentUrl":"https:\/\/www.superbruk.com.pl\/wp-content\/uploads\/2025\/04\/SUN-LINE-1.webp","width":702,"height":829,"caption":"SUN LINE"},{"@type":"BreadcrumbList","@id":"https:\/\/www.superbruk.com.pl\/produkty-szlachetne\/sun-line\/#breadcrumb","itemListElement":[{"@type":"ListItem","position":1,"name":"Strona g\u0142\u00f3wna","item":"https:\/\/www.superbruk.com.pl\/"},{"@type":"ListItem","position":2,"name":"Produkty szlachetne","item":"https:\/\/www.superbruk.com.pl\/produkty-szlachetne\/"},{"@type":"ListItem","position":3,"name":"Sun line"}]},{"@type":"WebSite","@id":"https:\/\/www.superbruk.com.pl\/#website","url":"https:\/\/www.superbruk.com.pl\/","name":"Superbruk","description":"","publisher":{"@id":"https:\/\/www.superbruk.com.pl\/#organization"},"potentialAction":[{"@type":"SearchAction","target":{"@type":"EntryPoint","urlTemplate":"https:\/\/www.superbruk.com.pl\/?s={search_term_string}"},"query-input":{"@type":"PropertyValueSpecification","valueRequired":true,"valueName":"search_term_string"}}],"inLanguage":"en-GB"},{"@type":"Organization","@id":"https:\/\/www.superbruk.com.pl\/#organization","name":"Superbruk","url":"https:\/\/www.superbruk.com.pl\/","logo":{"@type":"ImageObject","inLanguage":"en-GB","@id":"https:\/\/www.superbruk.com.pl\/#\/schema\/logo\/image\/","url":"https:\/\/www.superbruk.com.pl\/wp-content\/uploads\/2025\/03\/logo.png","contentUrl":"https:\/\/www.superbruk.com.pl\/wp-content\/uploads\/2025\/03\/logo.png","width":154,"height":44,"caption":"Superbruk"},"image":{"@id":"https:\/\/www.superbruk.com.pl\/#\/schema\/logo\/image\/"}}]}},"_links":{"self":[{"href":"https:\/\/www.superbruk.com.pl\/en\/wp-json\/wp\/v2\/pages\/747","targetHints":{"allow":["GET"]}}],"collection":[{"href":"https:\/\/www.superbruk.com.pl\/en\/wp-json\/wp\/v2\/pages"}],"about":[{"href":"https:\/\/www.superbruk.com.pl\/en\/wp-json\/wp\/v2\/types\/page"}],"author":[{"embeddable":true,"href":"https:\/\/www.superbruk.com.pl\/en\/wp-json\/wp\/v2\/users\/1"}],"replies":[{"embeddable":true,"href":"https:\/\/www.superbruk.com.pl\/en\/wp-json\/wp\/v2\/comments?post=747"}],"version-history":[{"count":0,"href":"https:\/\/www.superbruk.com.pl\/en\/wp-json\/wp\/v2\/pages\/747\/revisions"}],"up":[{"embeddable":true,"href":"https:\/\/www.superbruk.com.pl\/en\/wp-json\/wp\/v2\/pages\/234"}],"wp:featuredmedia":[{"embeddable":true,"href":"https:\/\/www.superbruk.com.pl\/en\/wp-json\/wp\/v2\/media\/539"}],"wp:attachment":[{"href":"https:\/\/www.superbruk.com.pl\/en\/wp-json\/wp\/v2\/media?parent=747"}],"wp:term":[{"taxonomy":"produkty","embeddable":true,"href":"https:\/\/www.superbruk.com.pl\/en\/wp-json\/wp\/v2\/produkty?post=747"}],"curies":[{"name":"wp","href":"https:\/\/api.w.org\/{rel}","templated":true}]}}