{"id":741,"date":"2025-04-07T13:44:50","date_gmt":"2025-04-07T11:44:50","guid":{"rendered":"https:\/\/www.superbruk.com.pl\/?page_id=741"},"modified":"2025-06-26T14:41:11","modified_gmt":"2025-06-26T12:41:11","slug":"vip-line","status":"publish","type":"page","link":"https:\/\/www.superbruk.com.pl\/en\/precious-products\/vip-line\/","title":{"rendered":"VIP Line"},"content":{"rendered":"<section class=\"l-section wpb_row height_medium\"><div class=\"l-section-h i-cf\"><div class=\"g-cols vc_row via_flex valign_top type_default stacking_default\"><div class=\"vc_col-sm-12 wpb_column vc_column_container\"><div class=\"vc_column-inner\"><div class=\"wpb_wrapper\"><div class=\"wpb_text_column us_custom_432d3f53\"><div class=\"wpb_wrapper\"><p><strong>Large concrete slabs<\/strong> of the VIP LINE series are elegant slabs with two different surface structures - VIP premium and Vip Slate premium. The advanced technology used in their production gives the slabs their <strong>noble appearance<\/strong> reminiscent of natural stone slabs. The slabs are available in two colours - alhambra and granite.<\/p>\n<p><strong>Concrete slabs<\/strong>\u00a0are ideal for use as driveway paving. The durability of the material makes concrete slabs ideal for transferring loads such as vehicles. They are also used for\u00a0<strong>on terraces<\/strong>but also as\u00a0<strong>hardening of garden paths and alleys<\/strong>where, in combination with decorative aggregate or grass, they offer the opportunity to create fashionable and striking arrangements.<\/p>\n<\/div><\/div><div class=\"wpb_text_column us_custom_432d3f53\"><div class=\"wpb_wrapper\"><p>Investors are also choosing this solution for usability reasons.\u00a0<strong>Large-format panels<\/strong>\u00a0in the shape of popular squares and rectangles are not only aesthetically pleasing, but also practical.\u00a0<strong>Larger format\u00a0<\/strong>offers the possibility of faster assembly than with small components. Availability of several, different sizes of panels (<strong>40\u00d730 boards, 40\u00d740 boards, 40\u00d750 boards, 40\u00d770 boards<\/strong>) makes it possible to create an interesting composition, while at the same time offering the possibility of arranging the\u00a0<strong>without having to cut the boards<\/strong>.<\/p>\n<p><strong>Large-format concrete slabs<\/strong>\u00a0is a material that we can successfully use to arrange large, uniform outdoor areas. Large concrete slabs are becoming increasingly popular among builders, who appreciate their\u00a0<strong>durability and functionality<\/strong>\u00a0and a fashionable look.<\/p>\n<p>Due to its size, the most common\u00a0<strong>large concrete slabs<\/strong>\u00a0are used in projects with a modernist character. The design of modern buildings in public spaces is ideally suited to large-format concrete elements. In addition to their aesthetic qualities, concrete slabs are, like other concrete building materials, primarily\u00a0<strong>robust and weatherproof<\/strong>\u00a0solution. Large slabs similarly to, for example, paving stones in combination with other concrete elements of garden architecture, offer the possibility of creating an interesting arrangement of the property.<\/p>\n<\/div><\/div><\/div><\/div><\/div><\/div><\/div><\/section>","protected":false},"excerpt":{"rendered":"Du\u017ce p\u0142yty betonowe z serii VIP LINE to eleganckie, p\u0142yty o dw\u00f3ch r\u00f3\u017cnych strukturach powierzchni \u2013 VIP premiumi Vip \u0141upek premium. Zaawansowana technologia zastosowana przy ich produkcji nadaje p\u0142ytom szlachetny wygl\u0105d przywo\u0142uj\u0105cy na my\u015bl naturalne p\u0142yty kamienne. P\u0142yty dost\u0119pne s\u0105 w dw\u00f3ch kolorach\u2013 alhambra i granite. P\u0142yty betonowe\u00a0idealnie sprawdzaj\u0105 si\u0119 jako nawierzchnia podjazd\u00f3w. Trwa\u0142o\u015b\u0107 materia\u0142u...","protected":false},"author":1,"featured_media":541,"parent":234,"menu_order":0,"comment_status":"closed","ping_status":"closed","template":"","meta":{"_acf_changed":false,"footnotes":""},"produkty":[44],"class_list":["post-741","page","type-page","status-publish","has-post-thumbnail","hentry","produkty-vip-line"],"acf":[],"yoast_head":"<!-- This site is optimized with the Yoast SEO plugin v25.7 - https:\/\/yoast.com\/wordpress\/plugins\/seo\/ -->\n<title>VIP Line - ABW Superbruk<\/title>\n<meta name=\"robots\" content=\"index, follow, max-snippet:-1, max-image-preview:large, max-video-preview:-1\" \/>\n<link rel=\"canonical\" href=\"https:\/\/www.superbruk.com.pl\/en\/precious-products\/vip-line\/\" \/>\n<meta property=\"og:locale\" content=\"en_GB\" \/>\n<meta property=\"og:type\" content=\"article\" \/>\n<meta property=\"og:title\" content=\"VIP Line - ABW Superbruk\" \/>\n<meta property=\"og:url\" content=\"https:\/\/www.superbruk.com.pl\/en\/precious-products\/vip-line\/\" \/>\n<meta property=\"og:site_name\" content=\"ABW Superbruk\" \/>\n<meta property=\"article:modified_time\" content=\"2025-06-26T12:41:11+00:00\" \/>\n<meta property=\"og:image\" content=\"https:\/\/www.superbruk.com.pl\/wp-content\/uploads\/2025\/04\/VIP-LINE-1.webp\" \/>\n\t<meta property=\"og:image:width\" content=\"697\" \/>\n\t<meta property=\"og:image:height\" content=\"829\" \/>\n\t<meta property=\"og:image:type\" content=\"image\/png\" \/>\n<meta name=\"twitter:card\" content=\"summary_large_image\" \/>\n<meta name=\"twitter:label1\" content=\"Estimated reading time\" \/>\n\t<meta name=\"twitter:data1\" content=\"2 minutes\" \/>\n<script type=\"application\/ld+json\" class=\"yoast-schema-graph\">{\"@context\":\"https:\/\/schema.org\",\"@graph\":[{\"@type\":\"WebPage\",\"@id\":\"https:\/\/www.superbruk.com.pl\/produkty-szlachetne\/vip-line\/\",\"url\":\"https:\/\/www.superbruk.com.pl\/produkty-szlachetne\/vip-line\/\",\"name\":\"VIP Line - ABW Superbruk\",\"isPartOf\":{\"@id\":\"https:\/\/www.superbruk.com.pl\/#website\"},\"primaryImageOfPage\":{\"@id\":\"https:\/\/www.superbruk.com.pl\/produkty-szlachetne\/vip-line\/#primaryimage\"},\"image\":{\"@id\":\"https:\/\/www.superbruk.com.pl\/produkty-szlachetne\/vip-line\/#primaryimage\"},\"thumbnailUrl\":\"https:\/\/www.superbruk.com.pl\/wp-content\/uploads\/2025\/04\/VIP-LINE-1.webp\",\"datePublished\":\"2025-04-07T11:44:50+00:00\",\"dateModified\":\"2025-06-26T12:41:11+00:00\",\"breadcrumb\":{\"@id\":\"https:\/\/www.superbruk.com.pl\/produkty-szlachetne\/vip-line\/#breadcrumb\"},\"inLanguage\":\"en-GB\",\"potentialAction\":[{\"@type\":\"ReadAction\",\"target\":[\"https:\/\/www.superbruk.com.pl\/produkty-szlachetne\/vip-line\/\"]}]},{\"@type\":\"ImageObject\",\"inLanguage\":\"en-GB\",\"@id\":\"https:\/\/www.superbruk.com.pl\/produkty-szlachetne\/vip-line\/#primaryimage\",\"url\":\"https:\/\/www.superbruk.com.pl\/wp-content\/uploads\/2025\/04\/VIP-LINE-1.webp\",\"contentUrl\":\"https:\/\/www.superbruk.com.pl\/wp-content\/uploads\/2025\/04\/VIP-LINE-1.webp\",\"width\":697,\"height\":829,\"caption\":\"VIP LINE\"},{\"@type\":\"BreadcrumbList\",\"@id\":\"https:\/\/www.superbruk.com.pl\/produkty-szlachetne\/vip-line\/#breadcrumb\",\"itemListElement\":[{\"@type\":\"ListItem\",\"position\":1,\"name\":\"Strona g\u0142\u00f3wna\",\"item\":\"https:\/\/www.superbruk.com.pl\/\"},{\"@type\":\"ListItem\",\"position\":2,\"name\":\"Produkty szlachetne\",\"item\":\"https:\/\/www.superbruk.com.pl\/produkty-szlachetne\/\"},{\"@type\":\"ListItem\",\"position\":3,\"name\":\"VIP Line\"}]},{\"@type\":\"WebSite\",\"@id\":\"https:\/\/www.superbruk.com.pl\/#website\",\"url\":\"https:\/\/www.superbruk.com.pl\/\",\"name\":\"Superbruk\",\"description\":\"\",\"publisher\":{\"@id\":\"https:\/\/www.superbruk.com.pl\/#organization\"},\"potentialAction\":[{\"@type\":\"SearchAction\",\"target\":{\"@type\":\"EntryPoint\",\"urlTemplate\":\"https:\/\/www.superbruk.com.pl\/?s={search_term_string}\"},\"query-input\":{\"@type\":\"PropertyValueSpecification\",\"valueRequired\":true,\"valueName\":\"search_term_string\"}}],\"inLanguage\":\"en-GB\"},{\"@type\":\"Organization\",\"@id\":\"https:\/\/www.superbruk.com.pl\/#organization\",\"name\":\"Superbruk\",\"url\":\"https:\/\/www.superbruk.com.pl\/\",\"logo\":{\"@type\":\"ImageObject\",\"inLanguage\":\"en-GB\",\"@id\":\"https:\/\/www.superbruk.com.pl\/#\/schema\/logo\/image\/\",\"url\":\"https:\/\/www.superbruk.com.pl\/wp-content\/uploads\/2025\/03\/logo.png\",\"contentUrl\":\"https:\/\/www.superbruk.com.pl\/wp-content\/uploads\/2025\/03\/logo.png\",\"width\":154,\"height\":44,\"caption\":\"Superbruk\"},\"image\":{\"@id\":\"https:\/\/www.superbruk.com.pl\/#\/schema\/logo\/image\/\"}}]}<\/script>\n<!-- \/ Yoast SEO plugin. -->","yoast_head_json":{"title":"VIP Line - ABW Superbruk","robots":{"index":"index","follow":"follow","max-snippet":"max-snippet:-1","max-image-preview":"max-image-preview:large","max-video-preview":"max-video-preview:-1"},"canonical":"https:\/\/www.superbruk.com.pl\/en\/precious-products\/vip-line\/","og_locale":"en_GB","og_type":"article","og_title":"VIP Line - ABW Superbruk","og_url":"https:\/\/www.superbruk.com.pl\/en\/precious-products\/vip-line\/","og_site_name":"ABW Superbruk","article_modified_time":"2025-06-26T12:41:11+00:00","og_image":[{"width":697,"height":829,"url":"https:\/\/www.superbruk.com.pl\/wp-content\/uploads\/2025\/04\/VIP-LINE-1.webp","type":"image\/png"}],"twitter_card":"summary_large_image","twitter_misc":{"Estimated reading time":"2 minutes"},"schema":{"@context":"https:\/\/schema.org","@graph":[{"@type":"WebPage","@id":"https:\/\/www.superbruk.com.pl\/produkty-szlachetne\/vip-line\/","url":"https:\/\/www.superbruk.com.pl\/produkty-szlachetne\/vip-line\/","name":"VIP Line - ABW Superbruk","isPartOf":{"@id":"https:\/\/www.superbruk.com.pl\/#website"},"primaryImageOfPage":{"@id":"https:\/\/www.superbruk.com.pl\/produkty-szlachetne\/vip-line\/#primaryimage"},"image":{"@id":"https:\/\/www.superbruk.com.pl\/produkty-szlachetne\/vip-line\/#primaryimage"},"thumbnailUrl":"https:\/\/www.superbruk.com.pl\/wp-content\/uploads\/2025\/04\/VIP-LINE-1.webp","datePublished":"2025-04-07T11:44:50+00:00","dateModified":"2025-06-26T12:41:11+00:00","breadcrumb":{"@id":"https:\/\/www.superbruk.com.pl\/produkty-szlachetne\/vip-line\/#breadcrumb"},"inLanguage":"en-GB","potentialAction":[{"@type":"ReadAction","target":["https:\/\/www.superbruk.com.pl\/produkty-szlachetne\/vip-line\/"]}]},{"@type":"ImageObject","inLanguage":"en-GB","@id":"https:\/\/www.superbruk.com.pl\/produkty-szlachetne\/vip-line\/#primaryimage","url":"https:\/\/www.superbruk.com.pl\/wp-content\/uploads\/2025\/04\/VIP-LINE-1.webp","contentUrl":"https:\/\/www.superbruk.com.pl\/wp-content\/uploads\/2025\/04\/VIP-LINE-1.webp","width":697,"height":829,"caption":"VIP LINE"},{"@type":"BreadcrumbList","@id":"https:\/\/www.superbruk.com.pl\/produkty-szlachetne\/vip-line\/#breadcrumb","itemListElement":[{"@type":"ListItem","position":1,"name":"Strona g\u0142\u00f3wna","item":"https:\/\/www.superbruk.com.pl\/"},{"@type":"ListItem","position":2,"name":"Produkty szlachetne","item":"https:\/\/www.superbruk.com.pl\/produkty-szlachetne\/"},{"@type":"ListItem","position":3,"name":"VIP Line"}]},{"@type":"WebSite","@id":"https:\/\/www.superbruk.com.pl\/#website","url":"https:\/\/www.superbruk.com.pl\/","name":"Superbruk","description":"","publisher":{"@id":"https:\/\/www.superbruk.com.pl\/#organization"},"potentialAction":[{"@type":"SearchAction","target":{"@type":"EntryPoint","urlTemplate":"https:\/\/www.superbruk.com.pl\/?s={search_term_string}"},"query-input":{"@type":"PropertyValueSpecification","valueRequired":true,"valueName":"search_term_string"}}],"inLanguage":"en-GB"},{"@type":"Organization","@id":"https:\/\/www.superbruk.com.pl\/#organization","name":"Superbruk","url":"https:\/\/www.superbruk.com.pl\/","logo":{"@type":"ImageObject","inLanguage":"en-GB","@id":"https:\/\/www.superbruk.com.pl\/#\/schema\/logo\/image\/","url":"https:\/\/www.superbruk.com.pl\/wp-content\/uploads\/2025\/03\/logo.png","contentUrl":"https:\/\/www.superbruk.com.pl\/wp-content\/uploads\/2025\/03\/logo.png","width":154,"height":44,"caption":"Superbruk"},"image":{"@id":"https:\/\/www.superbruk.com.pl\/#\/schema\/logo\/image\/"}}]}},"_links":{"self":[{"href":"https:\/\/www.superbruk.com.pl\/en\/wp-json\/wp\/v2\/pages\/741","targetHints":{"allow":["GET"]}}],"collection":[{"href":"https:\/\/www.superbruk.com.pl\/en\/wp-json\/wp\/v2\/pages"}],"about":[{"href":"https:\/\/www.superbruk.com.pl\/en\/wp-json\/wp\/v2\/types\/page"}],"author":[{"embeddable":true,"href":"https:\/\/www.superbruk.com.pl\/en\/wp-json\/wp\/v2\/users\/1"}],"replies":[{"embeddable":true,"href":"https:\/\/www.superbruk.com.pl\/en\/wp-json\/wp\/v2\/comments?post=741"}],"version-history":[{"count":0,"href":"https:\/\/www.superbruk.com.pl\/en\/wp-json\/wp\/v2\/pages\/741\/revisions"}],"up":[{"embeddable":true,"href":"https:\/\/www.superbruk.com.pl\/en\/wp-json\/wp\/v2\/pages\/234"}],"wp:featuredmedia":[{"embeddable":true,"href":"https:\/\/www.superbruk.com.pl\/en\/wp-json\/wp\/v2\/media\/541"}],"wp:attachment":[{"href":"https:\/\/www.superbruk.com.pl\/en\/wp-json\/wp\/v2\/media?parent=741"}],"wp:term":[{"taxonomy":"produkty","embeddable":true,"href":"https:\/\/www.superbruk.com.pl\/en\/wp-json\/wp\/v2\/produkty?post=741"}],"curies":[{"name":"wp","href":"https:\/\/api.w.org\/{rel}","templated":true}]}}