{"id":583,"date":"2025-04-04T10:23:31","date_gmt":"2025-04-04T08:23:31","guid":{"rendered":"https:\/\/www.superbruk.com.pl\/?page_id=583"},"modified":"2025-09-23T14:36:32","modified_gmt":"2025-09-23T12:36:32","slug":"work","status":"publish","type":"page","link":"https:\/\/www.superbruk.com.pl\/en\/work\/","title":{"rendered":"Work"},"content":{"rendered":"<section class=\"l-section wpb_row height_medium\"><div class=\"l-section-h i-cf\"><div class=\"g-cols vc_row via_flex valign_top type_default stacking_default\"><div class=\"vc_col-sm-8 wpb_column vc_column_container\"><div class=\"vc_column-inner\"><div class=\"wpb_wrapper\"><h2 class=\"w-text\"><span class=\"w-text-h\"><span class=\"w-text-value\">Join our team!<\/span><\/span><\/h2><div class=\"wpb_text_column us_custom_432d3f53\"><div class=\"wpb_wrapper\"><p>ABW Superbruk is the largest manufacturer of paving blocks and concrete slabs and elements in the north-eastern region of Poland. The company has been successfully operating in the market for over 28 years and its products gain recognition of the most demanding customers. The basis of the company's dynamic development are investments in new technologies, excellent durability and modern product design as well as creating and maintaining positive relations with business partners. Good sales results and customer satisfaction are proof of the right strategy and an argument for continuous development.<\/p>\n<\/div><\/div><div class=\"w-vwrapper us_custom_8b6f5be4 align_none valign_top\"><div class=\"wpb_text_column\"><div class=\"wpb_wrapper\"><p>Please include the following clause in your CV: \"I consent to the processing of personal data contained in my job offer for the purposes necessary for the current and future recruitment process conducted by ABW Superbruk sp. z o.o. with its registered office in Hryniewiczach 75\/5, 16-061 Juchnowiec Ko\u015bcielny, in accordance with the Personal Data Protection Act of 27 April 2016 (i.e. DZ. Urz.UE L 119 of 04.05.2016)\". i.<\/p>\n<p>Please be informed that the data administrator is ABW Superbruk sp. z o.o. with its registered office in Hryniewiczach 75\/5, 16-061 Juchnowiec Ko\u015bcielny. The data are collected for recruitment purposes. Your personal data will be stored for a period of 12 months. You have the right of access to the content of your data, the right to rectification, erasure or restriction of processing, the right to object to processing and the right to withdraw your consent at any time. You have the right to lodge a complaint with a supervisory authority. The provision of data is mandatory based on the law and otherwise voluntary.<\/p>\n<\/div><\/div><\/div><\/div><\/div><\/div><div class=\"vc_col-sm-4 wpb_column vc_column_container\"><div class=\"vc_column-inner\"><div class=\"wpb_wrapper\"><div class=\"w-text us_custom_ca8fe27f\"><span class=\"w-text-h\"><span class=\"w-text-value\">We are currently recruiting. Check out the list of job vacancies below!<\/span><\/span><\/div><\/div><\/div><\/div><\/div><\/div><\/section><section class=\"l-section wpb_row us_custom_26c8d4cc height_medium\"><div class=\"l-section-h i-cf\"><div class=\"g-cols vc_row via_flex valign_top type_default stacking_default\"><div class=\"vc_col-sm-12 wpb_column vc_column_container\"><div class=\"vc_column-inner\"><div class=\"wpb_wrapper\"><h2 class=\"w-text\"><span class=\"w-text-h\"><span class=\"w-text-value\">Job opportunities<\/span><\/span><\/h2><div class=\"w-separator size_small\"><\/div><div class=\"w-vwrapper us_custom_7b8680ea g-oferta-pracy align_none valign_top has-link\"><h3 class=\"w-text\"><span class=\"w-text-h\"><span class=\"w-text-value\">Manual worker<\/span><\/span><\/h3><div class=\"w-hwrapper valign_top stack_on_mobiles align_none\"><div class=\"w-text icon_atleft\"><span class=\"w-text-h\"><i class=\"fas fa-map-marker-alt\"><\/i><span class=\"w-text-value\">Hryniewicze<\/span><\/span><\/div><div class=\"w-text icon_atleft\"><span class=\"w-text-h\"><i class=\"fas fa-clock\"><\/i><span class=\"w-text-value\">Full eteat<\/span><\/span><\/div><div class=\"w-text icon_atleft\"><span class=\"w-text-h\"><i class=\"fas fa-suitcase\"><\/i><span class=\"w-text-value\">Employment contract, Contract of mandate<\/span><\/span><\/div><\/div><div class=\"wpb_text_column\"><div class=\"wpb_wrapper\"><p>Experience is not required, work at company premises. Employees from Ukraine are welcome, Polish language is not required. Click to go to the offer and find out more...<\/p>\n<\/div><\/div><a target=\"_blank\" rel=\"nofollow\" href=\"https:\/\/www.olx.pl\/oferta\/praca\/pracownik-fizyczny-CID4-ID17uQe5.html\" class=\"w-vwrapper-link smooth-scroll\" aria-label=\"Link\"><\/a><\/div><\/div><\/div><\/div><\/div><\/div><\/section><section class=\"l-section wpb_row height_medium\"><div class=\"l-section-h i-cf\"><div class=\"g-cols vc_row via_flex valign_top type_default stacking_default\"><div class=\"vc_col-sm-6 wpb_column vc_column_container\"><div class=\"vc_column-inner\"><div class=\"wpb_wrapper\"><div class=\"w-vwrapper us_custom_8b27d0a5 align_none valign_top\"><h2 class=\"w-text us_custom_b71e8ca1 has_text_color icon_atleft\"><span class=\"w-text-h\"><i class=\"fas fa-file-invoice\"><\/i><span class=\"w-text-value\">Leave us your CV<\/span><\/span><\/h2><div class=\"wpb_text_column us_custom_b71e8ca1 has_text_color\"><div class=\"wpb_wrapper\"><p>You don't have to wait for an advert - if you want to work at Superbruk, just write to us and attach your CV. We will contact you when a suitable offer comes along.<\/p>\n<\/div><\/div><\/div><\/div><\/div><\/div><div class=\"vc_col-sm-6 wpb_column vc_column_container\"><div class=\"vc_column-inner\"><div class=\"wpb_wrapper\"><div class=\"w-vwrapper us_custom_326f3056 align_none valign_top\"><form class=\"w-form  us-field-style_1 layout_ver for_cform us_form_1\" autocomplete=\"off\" action=\"https:\/\/www.superbruk.com.pl\/en\/en\/wp-json\/wp\/v2\/pages\/583\" method=\"post\" enctype=\"multipart\/form-data\" data-trp-original-action=\"https:\/\/www.superbruk.com.pl\/en\/en\/wp-json\/wp\/v2\/pages\/583\"><div class=\"w-form-h\"><div class=\"w-form-row for_text cols_2\">\r\n\t\t<div class=\"w-form-row-field\">\r\n\t\t\t\t\t\t<input aria-label=\"Name\" type=\"text\" name=\"us_form_1_text_1\" value placeholder=\"Name\"\/>\r\n\t\t\t<\/div>\r\n\t\t<div class=\"w-form-row-state\">Fill out this field<\/div>\r\n<\/div>\r\n<div class=\"w-form-row for_email cols_2\">\r\n\t\t<div class=\"w-form-row-field\">\r\n\t\t\t\t\t\t<input aria-label=\"E-mail\" type=\"email\" name=\"us_form_1_email_1\" value placeholder=\"E-mail\"\/>\r\n\t\t\t<\/div>\r\n\t\t<div class=\"w-form-row-state\">Please enter a valid email address.<\/div>\r\n<\/div>\r\n<div class=\"w-form-row for_file has_label required\">\r\n\t\t\t<div class=\"w-form-row-label\">\r\n\t\t\t<span>Attach CV file *<\/span>\r\n\t\t<\/div>\r\n\t\t<div class=\"w-form-row-field\">\r\n\t\t\t\t\t\t<input aria-label=\"Attach CV file\" type=\"file\" name=\"us_form_1_file_1\" accept=\".pdf,.doc\" data-std=\"10MB\" data-max_size=\"10\" data-required=\"true\" aria-required=\"true\"\/>\r\n\t\t\t<\/div>\r\n\t\t<div class=\"w-form-row-state\">Fill out this field<\/div>\r\n<\/div>\r\n<input type=\"hidden\" name=\"action\" value=\"us_ajax_cform\" \/>\r\n<input type=\"hidden\" name=\"post_id\" value=\"0\" \/>\r\n<input type=\"hidden\" name=\"form_index\" value=\"1\" \/>\r\n<div class=\"w-form-row for_submit align_justify\">\r\n\t<button class=\"w-btn  us-btn-style_1\" aria-label=\"Send CV file\" type=\"submit\">\r\n\t\t<span class=\"g-preloader type_1\"><\/span>\r\n\t\t\t\t<span class=\"w-btn-label\">Send CV file<\/span>\r\n\t\t\t<\/button>\r\n\t<\/div>\r\n<\/div><div class=\"w-form-message\"><\/div><div class=\"w-form-json hidden\" onclick='return {&quot;ajaxurl&quot;:&quot;https:\\\/\\\/www.superbruk.com.pl\\\/wp-admin\\\/admin-ajax.php&quot;,&quot;messages&quot;:{&quot;err_empty&quot;:&quot;Fill out this field&quot;,&quot;err_size&quot;:&quot;File size cannot exceed %s MB&quot;,&quot;err_extension&quot;:&quot;%s file type is not allowed&quot;,&quot;err_recaptcha_keys&quot;:&quot;reCAPTCHA keys are incorrect&quot;}}'><\/div><input type=\"hidden\" name=\"trp-form-language\" value=\"en\"\/><\/form><\/div><\/div><\/div><\/div><\/div><\/div><\/section>","protected":false},"excerpt":{"rendered":"Do\u0142\u0105cz do naszego zespo\u0142u!ABW Superbruk jest najwi\u0119kszym producentem kostki brukowej oraz p\u0142yt i element\u00f3w betonowych w regionie p\u00f3\u0142nocno-wschodniej Polski. Firma z sukcesem dzia\u0142a na rynku ponad 28 lat a jej produkty zyskuj\u0105 uznanie najbardziej wymagaj\u0105cych klient\u00f3w. Podstaw\u0105 dynamicznego rozwoju przedsi\u0119biorstwa s\u0105 inwestycje w nowe technologie, doskona\u0142a trwa\u0142o\u015b\u0107 i nowoczesne wzornictwo produkt\u00f3w oraz tworzenie i utrzymywanie...","protected":false},"author":1,"featured_media":0,"parent":0,"menu_order":0,"comment_status":"closed","ping_status":"closed","template":"","meta":{"_acf_changed":false,"footnotes":""},"produkty":[],"class_list":["post-583","page","type-page","status-publish","hentry"],"acf":[],"yoast_head":"<!-- This site is optimized with the Yoast SEO plugin v25.7 - https:\/\/yoast.com\/wordpress\/plugins\/seo\/ -->\n<title>Praca - ABW Superbruk<\/title>\n<meta name=\"robots\" content=\"index, follow, max-snippet:-1, max-image-preview:large, max-video-preview:-1\" \/>\n<link rel=\"canonical\" href=\"https:\/\/www.superbruk.com.pl\/en\/work\/\" \/>\n<meta property=\"og:locale\" content=\"en_GB\" \/>\n<meta property=\"og:type\" content=\"article\" \/>\n<meta property=\"og:title\" content=\"Praca - ABW Superbruk\" \/>\n<meta property=\"og:url\" content=\"https:\/\/www.superbruk.com.pl\/en\/work\/\" \/>\n<meta property=\"og:site_name\" content=\"ABW Superbruk\" \/>\n<meta property=\"article:modified_time\" content=\"2025-09-23T12:36:32+00:00\" \/>\n<meta name=\"twitter:card\" content=\"summary_large_image\" \/>\n<meta name=\"twitter:label1\" content=\"Estimated reading time\" \/>\n\t<meta name=\"twitter:data1\" content=\"2 minutes\" \/>\n<script type=\"application\/ld+json\" class=\"yoast-schema-graph\">{\"@context\":\"https:\/\/schema.org\",\"@graph\":[{\"@type\":\"WebPage\",\"@id\":\"https:\/\/www.superbruk.com.pl\/praca\/\",\"url\":\"https:\/\/www.superbruk.com.pl\/praca\/\",\"name\":\"Praca - ABW Superbruk\",\"isPartOf\":{\"@id\":\"https:\/\/www.superbruk.com.pl\/#website\"},\"datePublished\":\"2025-04-04T08:23:31+00:00\",\"dateModified\":\"2025-09-23T12:36:32+00:00\",\"breadcrumb\":{\"@id\":\"https:\/\/www.superbruk.com.pl\/praca\/#breadcrumb\"},\"inLanguage\":\"en-GB\",\"potentialAction\":[{\"@type\":\"ReadAction\",\"target\":[\"https:\/\/www.superbruk.com.pl\/praca\/\"]}]},{\"@type\":\"BreadcrumbList\",\"@id\":\"https:\/\/www.superbruk.com.pl\/praca\/#breadcrumb\",\"itemListElement\":[{\"@type\":\"ListItem\",\"position\":1,\"name\":\"Strona g\u0142\u00f3wna\",\"item\":\"https:\/\/www.superbruk.com.pl\/\"},{\"@type\":\"ListItem\",\"position\":2,\"name\":\"Praca\"}]},{\"@type\":\"WebSite\",\"@id\":\"https:\/\/www.superbruk.com.pl\/#website\",\"url\":\"https:\/\/www.superbruk.com.pl\/\",\"name\":\"Superbruk\",\"description\":\"\",\"publisher\":{\"@id\":\"https:\/\/www.superbruk.com.pl\/#organization\"},\"potentialAction\":[{\"@type\":\"SearchAction\",\"target\":{\"@type\":\"EntryPoint\",\"urlTemplate\":\"https:\/\/www.superbruk.com.pl\/?s={search_term_string}\"},\"query-input\":{\"@type\":\"PropertyValueSpecification\",\"valueRequired\":true,\"valueName\":\"search_term_string\"}}],\"inLanguage\":\"en-GB\"},{\"@type\":\"Organization\",\"@id\":\"https:\/\/www.superbruk.com.pl\/#organization\",\"name\":\"Superbruk\",\"url\":\"https:\/\/www.superbruk.com.pl\/\",\"logo\":{\"@type\":\"ImageObject\",\"inLanguage\":\"en-GB\",\"@id\":\"https:\/\/www.superbruk.com.pl\/#\/schema\/logo\/image\/\",\"url\":\"https:\/\/www.superbruk.com.pl\/wp-content\/uploads\/2025\/03\/logo.png\",\"contentUrl\":\"https:\/\/www.superbruk.com.pl\/wp-content\/uploads\/2025\/03\/logo.png\",\"width\":154,\"height\":44,\"caption\":\"Superbruk\"},\"image\":{\"@id\":\"https:\/\/www.superbruk.com.pl\/#\/schema\/logo\/image\/\"}}]}<\/script>\n<!-- \/ Yoast SEO plugin. -->","yoast_head_json":{"title":"Jobs - ABW Superbruk","robots":{"index":"index","follow":"follow","max-snippet":"max-snippet:-1","max-image-preview":"max-image-preview:large","max-video-preview":"max-video-preview:-1"},"canonical":"https:\/\/www.superbruk.com.pl\/en\/work\/","og_locale":"en_GB","og_type":"article","og_title":"Praca - ABW Superbruk","og_url":"https:\/\/www.superbruk.com.pl\/en\/work\/","og_site_name":"ABW Superbruk","article_modified_time":"2025-09-23T12:36:32+00:00","twitter_card":"summary_large_image","twitter_misc":{"Estimated reading time":"2 minutes"},"schema":{"@context":"https:\/\/schema.org","@graph":[{"@type":"WebPage","@id":"https:\/\/www.superbruk.com.pl\/praca\/","url":"https:\/\/www.superbruk.com.pl\/praca\/","name":"Jobs - ABW Superbruk","isPartOf":{"@id":"https:\/\/www.superbruk.com.pl\/#website"},"datePublished":"2025-04-04T08:23:31+00:00","dateModified":"2025-09-23T12:36:32+00:00","breadcrumb":{"@id":"https:\/\/www.superbruk.com.pl\/praca\/#breadcrumb"},"inLanguage":"en-GB","potentialAction":[{"@type":"ReadAction","target":["https:\/\/www.superbruk.com.pl\/praca\/"]}]},{"@type":"BreadcrumbList","@id":"https:\/\/www.superbruk.com.pl\/praca\/#breadcrumb","itemListElement":[{"@type":"ListItem","position":1,"name":"Strona g\u0142\u00f3wna","item":"https:\/\/www.superbruk.com.pl\/"},{"@type":"ListItem","position":2,"name":"Praca"}]},{"@type":"WebSite","@id":"https:\/\/www.superbruk.com.pl\/#website","url":"https:\/\/www.superbruk.com.pl\/","name":"Superbruk","description":"","publisher":{"@id":"https:\/\/www.superbruk.com.pl\/#organization"},"potentialAction":[{"@type":"SearchAction","target":{"@type":"EntryPoint","urlTemplate":"https:\/\/www.superbruk.com.pl\/?s={search_term_string}"},"query-input":{"@type":"PropertyValueSpecification","valueRequired":true,"valueName":"search_term_string"}}],"inLanguage":"en-GB"},{"@type":"Organization","@id":"https:\/\/www.superbruk.com.pl\/#organization","name":"Superbruk","url":"https:\/\/www.superbruk.com.pl\/","logo":{"@type":"ImageObject","inLanguage":"en-GB","@id":"https:\/\/www.superbruk.com.pl\/#\/schema\/logo\/image\/","url":"https:\/\/www.superbruk.com.pl\/wp-content\/uploads\/2025\/03\/logo.png","contentUrl":"https:\/\/www.superbruk.com.pl\/wp-content\/uploads\/2025\/03\/logo.png","width":154,"height":44,"caption":"Superbruk"},"image":{"@id":"https:\/\/www.superbruk.com.pl\/#\/schema\/logo\/image\/"}}]}},"_links":{"self":[{"href":"https:\/\/www.superbruk.com.pl\/en\/wp-json\/wp\/v2\/pages\/583","targetHints":{"allow":["GET"]}}],"collection":[{"href":"https:\/\/www.superbruk.com.pl\/en\/wp-json\/wp\/v2\/pages"}],"about":[{"href":"https:\/\/www.superbruk.com.pl\/en\/wp-json\/wp\/v2\/types\/page"}],"author":[{"embeddable":true,"href":"https:\/\/www.superbruk.com.pl\/en\/wp-json\/wp\/v2\/users\/1"}],"replies":[{"embeddable":true,"href":"https:\/\/www.superbruk.com.pl\/en\/wp-json\/wp\/v2\/comments?post=583"}],"version-history":[{"count":0,"href":"https:\/\/www.superbruk.com.pl\/en\/wp-json\/wp\/v2\/pages\/583\/revisions"}],"wp:attachment":[{"href":"https:\/\/www.superbruk.com.pl\/en\/wp-json\/wp\/v2\/media?parent=583"}],"wp:term":[{"taxonomy":"produkty","embeddable":true,"href":"https:\/\/www.superbruk.com.pl\/en\/wp-json\/wp\/v2\/produkty?post=583"}],"curies":[{"name":"wp","href":"https:\/\/api.w.org\/{rel}","templated":true}]}}