{"id":554,"date":"2025-04-04T09:43:13","date_gmt":"2025-04-04T07:43:13","guid":{"rendered":"https:\/\/www.superbruk.com.pl\/?page_id=554"},"modified":"2025-04-04T13:10:55","modified_gmt":"2025-04-04T11:10:55","slug":"about-us","status":"publish","type":"page","link":"https:\/\/www.superbruk.com.pl\/en\/about-us\/","title":{"rendered":"About us"},"content":{"rendered":"<section class=\"l-section wpb_row height_large\"><div class=\"l-section-h i-cf\"><div class=\"g-cols vc_row via_flex valign_top type_default stacking_default\" style=\"--additional-gap:2rem;\"><div class=\"vc_col-sm-6 wpb_column vc_column_container\"><div class=\"vc_column-inner us_custom_97a6d200\"><div class=\"wpb_wrapper\"><h2 class=\"w-text\"><span class=\"w-text-h\"><span class=\"w-text-value\">About super paving<\/span><\/span><\/h2><div class=\"wpb_text_column\"><div class=\"wpb_wrapper\"><p><strong>ABW SUPERBRUK<\/strong> is a leading manufacturer of paving blocks and concrete elements, the largest in the north-eastern region of Poland. Since 1992, we have been creating products that win recognition of the most demanding customers.<\/p>\n<p><strong>Paving blocks<\/strong> of the Superbruk brand are manufactured in a modern plant equipped with four innovative production lines based on advanced machinery. In 2012, the company was the first Polish manufacturer to launch an innovative technological line for the refinement of paving blocks.<\/p>\n<p><strong>ABW Superbruk products<\/strong> is distinguished by its innovative design and attention to detail, top quality, achieved through the use of innovative production technologies and product control, as well as a wide and complete range of products offering great design possibilities.<\/p>\n<\/div><\/div><\/div><\/div><\/div><div class=\"vc_col-sm-6 wpb_column vc_column_container\"><div class=\"vc_column-inner us_custom_eecd5a9b\"><div class=\"wpb_wrapper\"><div class=\"w-vwrapper us_custom_0c8a7f03 align_center valign_top\"><div class=\"w-image us_custom_25997214 has_height align_none\"><div class=\"w-image-h\"><img decoding=\"async\" width=\"584\" height=\"361\" src=\"https:\/\/www.superbruk.com.pl\/wp-content\/uploads\/2025\/03\/two-people-sit-front-construction-plan-talk-about-architecture-4.webp\" class=\"attachment-large size-large\" alt=\"black and white photograph of two people talking over documents\" loading=\"lazy\" srcset=\"https:\/\/www.superbruk.com.pl\/wp-content\/uploads\/2025\/03\/two-people-sit-front-construction-plan-talk-about-architecture-4.webp 584w, https:\/\/www.superbruk.com.pl\/wp-content\/uploads\/2025\/03\/two-people-sit-front-construction-plan-talk-about-architecture-4-18x12.webp 18w, https:\/\/www.superbruk.com.pl\/wp-content\/uploads\/2025\/03\/two-people-sit-front-construction-plan-talk-about-architecture-4-300x185.png 300w\" sizes=\"auto, (max-width: 584px) 100vw, 584px\" \/><\/div><\/div><div class=\"w-image us_custom_3906bc8d align_none\"><div class=\"w-image-h\"><img decoding=\"async\" width=\"299\" height=\"208\" src=\"https:\/\/www.superbruk.com.pl\/wp-content\/uploads\/2025\/03\/Rectangle-6065.webp\" class=\"attachment-large size-large\" alt=\"green rectangle\" loading=\"lazy\" srcset=\"https:\/\/www.superbruk.com.pl\/wp-content\/uploads\/2025\/03\/Rectangle-6065.webp 299w, https:\/\/www.superbruk.com.pl\/wp-content\/uploads\/2025\/03\/Rectangle-6065-18x12.webp 18w\" sizes=\"auto, (max-width: 299px) 100vw, 299px\" \/><\/div><\/div><\/div><\/div><\/div><\/div><\/div><\/div><\/section><section class=\"l-section wpb_row us_custom_26c8d4cc height_medium\"><div class=\"l-section-h i-cf\"><div class=\"g-cols vc_row via_flex valign_top type_default stacking_default\"><div class=\"vc_col-sm-12 wpb_column vc_column_container\"><div class=\"vc_column-inner\"><div class=\"wpb_wrapper\"><div class=\"wpb_text_column\"><div class=\"wpb_wrapper\"><h2>Use of modern technology<\/h2>\n<p>The basis for the company's dynamic growth is investment in new technologies, excellent durability and modern product design, as well as creating and maintaining positive relationships with the company's business partners. The company is strongly linked to its region.<\/p>\n<p>It makes the most of the potential of its location and at the same time does not forget to support its surroundings, in line with the principle of corporate social responsibility and commitment to the local community.<\/p>\n<p>Steadily increasing sales results and customer satisfaction are proof of the right strategy and at the same time an argument for the company's continued growth.<\/p>\n<\/div><\/div><\/div><\/div><\/div><\/div><\/div><\/section><section class=\"l-section wpb_row height_medium\"><div class=\"l-section-h i-cf\"><div class=\"g-cols vc_row via_flex valign_top type_default stacking_default\"><div class=\"vc_col-sm-12 wpb_column vc_column_container\"><div class=\"vc_column-inner\"><div class=\"wpb_wrapper\"><div class=\"g-cols wpb_row us_custom_e63e6ae6 has_text_color via_flex valign_top type_boxes stacking_default\"><div class=\"vc_col-sm-6 wpb_column vc_column_container align-content-center\"><div class=\"vc_column-inner\"><div class=\"wpb_wrapper\"><div class=\"w-vwrapper us_custom_2ff05d3c align_left valign_middle\"><div class=\"w-text us_custom_1e0e9307\"><span class=\"w-text-h\"><span class=\"w-text-value\">We invite you to explore our offer<\/span><\/span><\/div><div class=\"w-text us_custom_aaf4def2\"><span class=\"w-text-h\"><span class=\"w-text-value\">Industrial products<\/span><\/span><\/div><\/div><\/div><\/div><\/div><div class=\"vc_col-sm-6 wpb_column vc_column_container\"><div class=\"vc_column-inner\"><div class=\"wpb_wrapper\"><div class=\"w-btn-wrapper default_align_right laptops_align_right tablets_align_center mobiles_align_center\"><a class=\"w-btn us-btn-style_1 us_custom_a9dd8055\" id=\"g-offer-button\" href=\"\/en\/#oferta\"><span class=\"w-btn-label\">Explore the offer<\/span><\/a><\/div><\/div><\/div><\/div><\/div><\/div><\/div><\/div><\/div><\/div><\/section>","protected":false},"excerpt":{"rendered":"O superbrukABW SUPERBRUK to wiod\u0105cy producent kostki brukowej i element\u00f3w betonowych, najwi\u0119kszy w regionie p\u00f3\u0142nocno-wschodniej Polski. Od 1992 roku tworzymy produkty zyskuj\u0105ce uznanie najbardziej wymagaj\u0105cych klient\u00f3w. Kostki brukowe marki Superbruk powstaj\u0105 w nowoczesnym zak\u0142adzie, wyposa\u017conym w cztery innowacyjne linie produkcyjne oparte o zaawansowany park maszynowy. W 2012 roku, jako pierwszy polski producent firma uruchomi\u0142a nowatorsk\u0105...","protected":false},"author":1,"featured_media":0,"parent":0,"menu_order":0,"comment_status":"closed","ping_status":"closed","template":"","meta":{"_acf_changed":false,"footnotes":""},"produkty":[],"class_list":["post-554","page","type-page","status-publish","hentry"],"acf":[],"yoast_head":"<!-- This site is optimized with the Yoast SEO plugin v25.7 - https:\/\/yoast.com\/wordpress\/plugins\/seo\/ -->\n<title>O nas - ABW Superbruk<\/title>\n<meta name=\"robots\" content=\"index, follow, max-snippet:-1, max-image-preview:large, max-video-preview:-1\" \/>\n<link rel=\"canonical\" href=\"https:\/\/www.superbruk.com.pl\/en\/about-us\/\" \/>\n<meta property=\"og:locale\" content=\"en_GB\" \/>\n<meta property=\"og:type\" content=\"article\" \/>\n<meta property=\"og:title\" content=\"O nas - ABW Superbruk\" \/>\n<meta property=\"og:url\" content=\"https:\/\/www.superbruk.com.pl\/en\/about-us\/\" \/>\n<meta property=\"og:site_name\" content=\"ABW Superbruk\" \/>\n<meta property=\"article:modified_time\" content=\"2025-04-04T11:10:55+00:00\" \/>\n<meta name=\"twitter:card\" content=\"summary_large_image\" \/>\n<meta name=\"twitter:label1\" content=\"Estimated reading time\" \/>\n\t<meta name=\"twitter:data1\" content=\"2 minutes\" \/>\n<script type=\"application\/ld+json\" class=\"yoast-schema-graph\">{\"@context\":\"https:\/\/schema.org\",\"@graph\":[{\"@type\":\"WebPage\",\"@id\":\"https:\/\/www.superbruk.com.pl\/o-nas\/\",\"url\":\"https:\/\/www.superbruk.com.pl\/o-nas\/\",\"name\":\"O nas - ABW Superbruk\",\"isPartOf\":{\"@id\":\"https:\/\/www.superbruk.com.pl\/#website\"},\"datePublished\":\"2025-04-04T07:43:13+00:00\",\"dateModified\":\"2025-04-04T11:10:55+00:00\",\"breadcrumb\":{\"@id\":\"https:\/\/www.superbruk.com.pl\/o-nas\/#breadcrumb\"},\"inLanguage\":\"en-GB\",\"potentialAction\":[{\"@type\":\"ReadAction\",\"target\":[\"https:\/\/www.superbruk.com.pl\/o-nas\/\"]}]},{\"@type\":\"BreadcrumbList\",\"@id\":\"https:\/\/www.superbruk.com.pl\/o-nas\/#breadcrumb\",\"itemListElement\":[{\"@type\":\"ListItem\",\"position\":1,\"name\":\"Strona g\u0142\u00f3wna\",\"item\":\"https:\/\/www.superbruk.com.pl\/\"},{\"@type\":\"ListItem\",\"position\":2,\"name\":\"O nas\"}]},{\"@type\":\"WebSite\",\"@id\":\"https:\/\/www.superbruk.com.pl\/#website\",\"url\":\"https:\/\/www.superbruk.com.pl\/\",\"name\":\"Superbruk\",\"description\":\"\",\"publisher\":{\"@id\":\"https:\/\/www.superbruk.com.pl\/#organization\"},\"potentialAction\":[{\"@type\":\"SearchAction\",\"target\":{\"@type\":\"EntryPoint\",\"urlTemplate\":\"https:\/\/www.superbruk.com.pl\/?s={search_term_string}\"},\"query-input\":{\"@type\":\"PropertyValueSpecification\",\"valueRequired\":true,\"valueName\":\"search_term_string\"}}],\"inLanguage\":\"en-GB\"},{\"@type\":\"Organization\",\"@id\":\"https:\/\/www.superbruk.com.pl\/#organization\",\"name\":\"Superbruk\",\"url\":\"https:\/\/www.superbruk.com.pl\/\",\"logo\":{\"@type\":\"ImageObject\",\"inLanguage\":\"en-GB\",\"@id\":\"https:\/\/www.superbruk.com.pl\/#\/schema\/logo\/image\/\",\"url\":\"https:\/\/www.superbruk.com.pl\/wp-content\/uploads\/2025\/03\/logo.png\",\"contentUrl\":\"https:\/\/www.superbruk.com.pl\/wp-content\/uploads\/2025\/03\/logo.png\",\"width\":154,\"height\":44,\"caption\":\"Superbruk\"},\"image\":{\"@id\":\"https:\/\/www.superbruk.com.pl\/#\/schema\/logo\/image\/\"}}]}<\/script>\n<!-- \/ Yoast SEO plugin. -->","yoast_head_json":{"title":"About us - ABW Superbruk","robots":{"index":"index","follow":"follow","max-snippet":"max-snippet:-1","max-image-preview":"max-image-preview:large","max-video-preview":"max-video-preview:-1"},"canonical":"https:\/\/www.superbruk.com.pl\/en\/about-us\/","og_locale":"en_GB","og_type":"article","og_title":"O nas - ABW Superbruk","og_url":"https:\/\/www.superbruk.com.pl\/en\/about-us\/","og_site_name":"ABW Superbruk","article_modified_time":"2025-04-04T11:10:55+00:00","twitter_card":"summary_large_image","twitter_misc":{"Estimated reading time":"2 minutes"},"schema":{"@context":"https:\/\/schema.org","@graph":[{"@type":"WebPage","@id":"https:\/\/www.superbruk.com.pl\/o-nas\/","url":"https:\/\/www.superbruk.com.pl\/o-nas\/","name":"About us - ABW Superbruk","isPartOf":{"@id":"https:\/\/www.superbruk.com.pl\/#website"},"datePublished":"2025-04-04T07:43:13+00:00","dateModified":"2025-04-04T11:10:55+00:00","breadcrumb":{"@id":"https:\/\/www.superbruk.com.pl\/o-nas\/#breadcrumb"},"inLanguage":"en-GB","potentialAction":[{"@type":"ReadAction","target":["https:\/\/www.superbruk.com.pl\/o-nas\/"]}]},{"@type":"BreadcrumbList","@id":"https:\/\/www.superbruk.com.pl\/o-nas\/#breadcrumb","itemListElement":[{"@type":"ListItem","position":1,"name":"Strona g\u0142\u00f3wna","item":"https:\/\/www.superbruk.com.pl\/"},{"@type":"ListItem","position":2,"name":"O nas"}]},{"@type":"WebSite","@id":"https:\/\/www.superbruk.com.pl\/#website","url":"https:\/\/www.superbruk.com.pl\/","name":"Superbruk","description":"","publisher":{"@id":"https:\/\/www.superbruk.com.pl\/#organization"},"potentialAction":[{"@type":"SearchAction","target":{"@type":"EntryPoint","urlTemplate":"https:\/\/www.superbruk.com.pl\/?s={search_term_string}"},"query-input":{"@type":"PropertyValueSpecification","valueRequired":true,"valueName":"search_term_string"}}],"inLanguage":"en-GB"},{"@type":"Organization","@id":"https:\/\/www.superbruk.com.pl\/#organization","name":"Superbruk","url":"https:\/\/www.superbruk.com.pl\/","logo":{"@type":"ImageObject","inLanguage":"en-GB","@id":"https:\/\/www.superbruk.com.pl\/#\/schema\/logo\/image\/","url":"https:\/\/www.superbruk.com.pl\/wp-content\/uploads\/2025\/03\/logo.png","contentUrl":"https:\/\/www.superbruk.com.pl\/wp-content\/uploads\/2025\/03\/logo.png","width":154,"height":44,"caption":"Superbruk"},"image":{"@id":"https:\/\/www.superbruk.com.pl\/#\/schema\/logo\/image\/"}}]}},"_links":{"self":[{"href":"https:\/\/www.superbruk.com.pl\/en\/wp-json\/wp\/v2\/pages\/554","targetHints":{"allow":["GET"]}}],"collection":[{"href":"https:\/\/www.superbruk.com.pl\/en\/wp-json\/wp\/v2\/pages"}],"about":[{"href":"https:\/\/www.superbruk.com.pl\/en\/wp-json\/wp\/v2\/types\/page"}],"author":[{"embeddable":true,"href":"https:\/\/www.superbruk.com.pl\/en\/wp-json\/wp\/v2\/users\/1"}],"replies":[{"embeddable":true,"href":"https:\/\/www.superbruk.com.pl\/en\/wp-json\/wp\/v2\/comments?post=554"}],"version-history":[{"count":0,"href":"https:\/\/www.superbruk.com.pl\/en\/wp-json\/wp\/v2\/pages\/554\/revisions"}],"wp:attachment":[{"href":"https:\/\/www.superbruk.com.pl\/en\/wp-json\/wp\/v2\/media?parent=554"}],"wp:term":[{"taxonomy":"produkty","embeddable":true,"href":"https:\/\/www.superbruk.com.pl\/en\/wp-json\/wp\/v2\/produkty?post=554"}],"curies":[{"name":"wp","href":"https:\/\/api.w.org\/{rel}","templated":true}]}}