{"id":1756,"date":"2025-04-24T08:58:23","date_gmt":"2025-04-24T06:58:23","guid":{"rendered":"https:\/\/www.superbruk.com.pl\/?page_id=1756"},"modified":"2026-04-09T10:58:40","modified_gmt":"2026-04-09T08:58:40","slug":"sales-representatives","status":"publish","type":"page","link":"https:\/\/www.superbruk.com.pl\/en\/sales-representatives\/","title":{"rendered":"Sales representatives"},"content":{"rendered":"<section class=\"l-section wpb_row height_medium\"><div class=\"l-section-h i-cf\"><div class=\"g-cols vc_row via_flex valign_top type_default stacking_default\"><div class=\"vc_col-sm-12 wpb_column vc_column_container\"><div class=\"vc_column-inner\"><div class=\"wpb_wrapper\"><h2 class=\"w-text\"><span class=\"w-text-h\"><span class=\"w-text-value\">For business partners<\/span><\/span><\/h2><div class=\"wpb_text_column\"><div class=\"wpb_wrapper\"><p>Our diverse and wide range of products allows us to meet the greatest demands of our customers. For years, we have been successfully implementing investments of various nature: commercial, public, private and road.<\/p>\n<p>We offer help and advice in preparing proposals for the optimum solutions for any investment where Superbruk products may be used.<\/p>\n<p>We look forward to working with you.<\/p>\n<\/div><\/div><\/div><\/div><\/div><\/div><\/div><\/section><section class=\"l-section wpb_row us_custom_b7c7ac8d height_medium\"><div class=\"l-section-h i-cf\"><div class=\"g-cols vc_row via_flex valign_top type_default stacking_default\"><div class=\"vc_col-sm-12 wpb_column vc_column_container\"><div class=\"vc_column-inner us_custom_0ccc3812\"><div class=\"wpb_wrapper\"><div class=\"w-separator size_small\"><\/div><h2 class=\"w-text\"><span class=\"w-text-h\"><span class=\"w-text-value\">Division of representatives<\/span><\/span><\/h2><div class=\"w-separator size_small\"><\/div><\/div><\/div><\/div><div class=\"vc_col-sm-6 wpb_column vc_column_container\"><div class=\"vc_column-inner\"><div class=\"wpb_wrapper\"><div class=\"w-vwrapper us_custom_0ccc3812 align_center valign_middle\"><div class=\"w-image align_none\"><div class=\"w-image-h\"><img decoding=\"async\" width=\"600\" height=\"400\" src=\"https:\/\/www.superbruk.com.pl\/wp-content\/uploads\/2026\/04\/mapa-przedstawiciele-600x400.jpg\" class=\"attachment-us_600_600 size-us_600_600\" alt=\"\" loading=\"lazy\" srcset=\"https:\/\/www.superbruk.com.pl\/wp-content\/uploads\/2026\/04\/mapa-przedstawiciele-600x400.jpg 600w, https:\/\/www.superbruk.com.pl\/wp-content\/uploads\/2026\/04\/mapa-przedstawiciele-300x200.jpg 300w, https:\/\/www.superbruk.com.pl\/wp-content\/uploads\/2026\/04\/mapa-przedstawiciele-1024x683.jpg 1024w, https:\/\/www.superbruk.com.pl\/wp-content\/uploads\/2026\/04\/mapa-przedstawiciele-18x12.jpg 18w, https:\/\/www.superbruk.com.pl\/wp-content\/uploads\/2026\/04\/mapa-przedstawiciele.jpg 1200w\" sizes=\"auto, (max-width: 600px) 100vw, 600px\" \/><\/div><\/div><\/div><\/div><\/div><\/div><div class=\"vc_col-sm-6 wpb_column vc_column_container\"><div class=\"vc_column-inner\"><div class=\"wpb_wrapper\"><h3 class=\"w-text\"><span class=\"w-text-h\"><span class=\"w-text-value\">Representatives in Poland<\/span><\/span><\/h3><div class=\"g-cols wpb_row via_flex valign_top type_default stacking_default\"><div class=\"vc_col-sm-6 wpb_column vc_column_container\"><div class=\"vc_column-inner\"><div class=\"wpb_wrapper\"><div class=\"w-vwrapper align_none valign_top\"><p class=\"w-text icon_atleft\"><span class=\"w-text-h\"><i class=\"fas fa-user\"><\/i><span class=\"w-text-value\">Sales Department<\/span><\/span><\/p><div class=\"w-text icon_atleft\"><a href=\"tel:+48857454028\" class=\"w-text-h\"><i class=\"fas fa-phone\"><\/i><span class=\"w-text-value\">+48 (85) 745 40 28<\/span><\/a><\/div><div class=\"w-text icon_atleft\"><a href=\"mailto:superbruk@superbruk.com.pl\" class=\"w-text-h\"><i class=\"fas fa-envelope\"><\/i><span class=\"w-text-value\">superbruk@superbruk.com.pl<\/span><\/a><\/div><\/div><\/div><\/div><\/div><div class=\"vc_col-sm-6 wpb_column vc_column_container\"><div class=\"vc_column-inner\"><div class=\"wpb_wrapper\"><div class=\"w-vwrapper align_none valign_top\"><p class=\"w-text icon_atleft\"><span class=\"w-text-h\"><i class=\"fas fa-user\"><\/i><span class=\"w-text-value\">Krzysztof Dunowski<\/span><\/span><\/p><div class=\"w-text icon_atleft\"><a href=\"tel:+48693270305\" class=\"w-text-h\"><i class=\"fas fa-phone\"><\/i><span class=\"w-text-value\">+48 693 270 305<\/span><\/a><\/div><div class=\"w-text icon_atleft\"><a href=\"mailto:kdunowski@superbruk.pl\" class=\"w-text-h\"><i class=\"fas fa-envelope\"><\/i><span class=\"w-text-value\">kdunowski@superbruk.pl<\/span><\/a><\/div><\/div><\/div><\/div><\/div><\/div><div class=\"g-cols wpb_row us_custom_3784f770 via_flex valign_top type_default stacking_default\"><div class=\"vc_col-sm-6 wpb_column vc_column_container\"><div class=\"vc_column-inner\"><div class=\"wpb_wrapper\"><div class=\"w-vwrapper align_none valign_top\"><p class=\"w-text icon_atleft\"><span class=\"w-text-h\"><i class=\"fas fa-user\"><\/i><span class=\"w-text-value\">Marcin Pietrzak<\/span><\/span><\/p><div class=\"w-text icon_atleft\"><a href=\"tel:+48693278189\" class=\"w-text-h\"><i class=\"fas fa-phone\"><\/i><span class=\"w-text-value\">+48 693 278 189<\/span><\/a><\/div><div class=\"w-text icon_atleft\"><a href=\"mailto:mpietrzak@superbruk.pl\" class=\"w-text-h\"><i class=\"fas fa-envelope\"><\/i><span class=\"w-text-value\">mpietrzak@superbruk.pl<\/span><\/a><\/div><\/div><\/div><\/div><\/div><div class=\"vc_col-sm-6 wpb_column vc_column_container\"><div class=\"vc_column-inner\"><div class=\"wpb_wrapper\"><div class=\"w-vwrapper align_none valign_top\"><p class=\"w-text icon_atleft\"><span class=\"w-text-h\"><i class=\"fas fa-user\"><\/i><span class=\"w-text-value\">Krzysztof G\u0142owacki<\/span><\/span><\/p><div class=\"w-text icon_atleft\"><a href=\"tel:+48885853311\" class=\"w-text-h\"><i class=\"fas fa-phone\"><\/i><span class=\"w-text-value\">+48 885 853 311<\/span><\/a><\/div><div class=\"w-text icon_atleft\"><a href=\"mailto:kglowacki@superbruk.pl\" class=\"w-text-h\"><i class=\"fas fa-envelope\"><\/i><span class=\"w-text-value\">kglowacki@superbruk.pl<\/span><\/a><\/div><\/div><\/div><\/div><\/div><\/div><div class=\"g-cols wpb_row us_custom_3784f770 via_flex valign_top type_default stacking_default\"><div class=\"vc_col-sm-6 wpb_column vc_column_container\"><div class=\"vc_column-inner\"><div class=\"wpb_wrapper\"><div class=\"w-vwrapper align_none valign_top\"><p class=\"w-text icon_atleft\"><span class=\"w-text-h\"><i class=\"fas fa-user\"><\/i><span class=\"w-text-value\">Dawid Kaczmarczyk<\/span><\/span><\/p><div class=\"w-text icon_atleft\"><a href=\"tel:+48661612048\" class=\"w-text-h\"><i class=\"fas fa-phone\"><\/i><span class=\"w-text-value\">+48 661 612 048<\/span><\/a><\/div><div class=\"w-text icon_atleft\"><a href=\"mailto:dkaczmarczyk@superbruk.pl\" class=\"w-text-h\"><i class=\"fas fa-envelope\"><\/i><span class=\"w-text-value\">dkaczmarczyk@superbruk.pl<\/span><\/a><\/div><\/div><\/div><\/div><\/div><div class=\"vc_col-sm-6 wpb_column vc_column_container\"><div class=\"vc_column-inner\"><div class=\"wpb_wrapper\"><div class=\"w-vwrapper align_none valign_top\"><p class=\"w-text icon_atleft\"><span class=\"w-text-h\"><i class=\"fas fa-user\"><\/i><span class=\"w-text-value\">Konrad Kozio\u0142<\/span><\/span><\/p><div class=\"w-text icon_atleft\"><a href=\"tel:+48695278201\" class=\"w-text-h\"><i class=\"fas fa-phone\"><\/i><span class=\"w-text-value\">+48 695 278 201<\/span><\/a><\/div><div class=\"w-text icon_atleft\"><a href=\"mailto:mzajaczkowska@superbruk.pl\" class=\"w-text-h\"><i class=\"fas fa-envelope\"><\/i><span class=\"w-text-value\">kkoziol@superbruk.pl<\/span><\/a><\/div><\/div><\/div><\/div><\/div><\/div><div class=\"g-cols wpb_row us_custom_ef186374 via_flex valign_top type_default stacking_default\"><div class=\"vc_col-sm-12 wpb_column vc_column_container\"><div class=\"vc_column-inner\"><div class=\"wpb_wrapper\"><h3 class=\"w-text us_custom_8d0ff714\"><span class=\"w-text-h\"><span class=\"w-text-value\">Sales representative LITHUANIA<\/span><\/span><\/h3><\/div><\/div><\/div><div class=\"vc_col-sm-6 wpb_column vc_column_container\"><div class=\"vc_column-inner\"><div class=\"wpb_wrapper\"><div class=\"w-vwrapper align_none valign_top\"><p class=\"w-text icon_atleft\"><span class=\"w-text-h\"><i class=\"fas fa-user\"><\/i><span class=\"w-text-value\">Viktoras Misiukonis<\/span><\/span><\/p><div class=\"w-text icon_atleft\"><a href=\"tel:+48693278195\" class=\"w-text-h\"><i class=\"fas fa-phone\"><\/i><span class=\"w-text-value\">+48 693 278 195 EN<\/span><\/a><\/div><div class=\"w-text icon_atleft\"><a href=\"tel:+37062260250\" class=\"w-text-h\"><i class=\"fas fa-phone\"><\/i><span class=\"w-text-value\">+37 062 260 250 LT<\/span><\/a><\/div><div class=\"w-text icon_atleft\"><a href=\"mailto:vmisiukonis@superbruk.pl\" class=\"w-text-h\"><i class=\"fas fa-envelope\"><\/i><span class=\"w-text-value\">vmisiukonis@superbruk.pl<\/span><\/a><\/div><\/div><\/div><\/div><\/div><div class=\"vc_col-sm-6 wpb_column vc_column_container\"><div class=\"vc_column-inner\"><div class=\"wpb_wrapper\"><\/div><\/div><\/div><\/div><\/div><\/div><\/div><\/div><\/div><\/section>","protected":false},"excerpt":{"rendered":"Dla partner\u00f3w handlowychZr\u00f3\u017cnicowana i szeroka oferta naszych produkt\u00f3w pozwala sprosta\u0107 najwi\u0119kszym wymaganiom naszych Klient\u00f3w. Od lat z powodzeniem realizujemy inwestycje o r\u00f3\u017cnym charakterze: komercyjnym, publicznym, prywatnym oraz\u00a0 drogowym. S\u0142u\u017cymy pomoc\u0105 i doradztwem w zakresie przygotowania propozycji optymalnych rozwi\u0105za\u0144 pod realizacj\u0119 ka\u017cdej inwestycji gdzie mog\u0105 by\u0107 zastosowane produkty Superbruk. Zapraszamy do wsp\u00f3\u0142pracy. Podzia\u0142 przedstawicieliPrzedstawiciele w PolsceDzia\u0142...","protected":false},"author":1,"featured_media":0,"parent":0,"menu_order":0,"comment_status":"closed","ping_status":"closed","template":"","meta":{"_acf_changed":false,"footnotes":""},"produkty":[],"class_list":["post-1756","page","type-page","status-publish","hentry"],"acf":[],"yoast_head":"<!-- This site is optimized with the Yoast SEO plugin v25.7 - https:\/\/yoast.com\/wordpress\/plugins\/seo\/ -->\n<title>Przedstawiciele handlowi - ABW Superbruk<\/title>\n<meta name=\"robots\" content=\"index, follow, max-snippet:-1, max-image-preview:large, max-video-preview:-1\" \/>\n<link rel=\"canonical\" href=\"https:\/\/www.superbruk.com.pl\/en\/sales-representatives\/\" \/>\n<meta property=\"og:locale\" content=\"en_GB\" \/>\n<meta property=\"og:type\" content=\"article\" \/>\n<meta property=\"og:title\" content=\"Przedstawiciele handlowi - ABW Superbruk\" \/>\n<meta property=\"og:url\" content=\"https:\/\/www.superbruk.com.pl\/en\/sales-representatives\/\" \/>\n<meta property=\"og:site_name\" content=\"ABW Superbruk\" \/>\n<meta property=\"article:modified_time\" content=\"2026-04-09T08:58:40+00:00\" \/>\n<meta name=\"twitter:card\" content=\"summary_large_image\" \/>\n<meta name=\"twitter:label1\" content=\"Estimated reading time\" \/>\n\t<meta name=\"twitter:data1\" content=\"2 minutes\" \/>\n<script type=\"application\/ld+json\" class=\"yoast-schema-graph\">{\"@context\":\"https:\/\/schema.org\",\"@graph\":[{\"@type\":\"WebPage\",\"@id\":\"https:\/\/www.superbruk.com.pl\/przedstawiciele-handlowi\/\",\"url\":\"https:\/\/www.superbruk.com.pl\/przedstawiciele-handlowi\/\",\"name\":\"Przedstawiciele handlowi - ABW Superbruk\",\"isPartOf\":{\"@id\":\"https:\/\/www.superbruk.com.pl\/#website\"},\"datePublished\":\"2025-04-24T06:58:23+00:00\",\"dateModified\":\"2026-04-09T08:58:40+00:00\",\"breadcrumb\":{\"@id\":\"https:\/\/www.superbruk.com.pl\/przedstawiciele-handlowi\/#breadcrumb\"},\"inLanguage\":\"en-GB\",\"potentialAction\":[{\"@type\":\"ReadAction\",\"target\":[\"https:\/\/www.superbruk.com.pl\/przedstawiciele-handlowi\/\"]}]},{\"@type\":\"BreadcrumbList\",\"@id\":\"https:\/\/www.superbruk.com.pl\/przedstawiciele-handlowi\/#breadcrumb\",\"itemListElement\":[{\"@type\":\"ListItem\",\"position\":1,\"name\":\"Strona g\u0142\u00f3wna\",\"item\":\"https:\/\/www.superbruk.com.pl\/\"},{\"@type\":\"ListItem\",\"position\":2,\"name\":\"Przedstawiciele handlowi\"}]},{\"@type\":\"WebSite\",\"@id\":\"https:\/\/www.superbruk.com.pl\/#website\",\"url\":\"https:\/\/www.superbruk.com.pl\/\",\"name\":\"Superbruk\",\"description\":\"\",\"publisher\":{\"@id\":\"https:\/\/www.superbruk.com.pl\/#organization\"},\"potentialAction\":[{\"@type\":\"SearchAction\",\"target\":{\"@type\":\"EntryPoint\",\"urlTemplate\":\"https:\/\/www.superbruk.com.pl\/?s={search_term_string}\"},\"query-input\":{\"@type\":\"PropertyValueSpecification\",\"valueRequired\":true,\"valueName\":\"search_term_string\"}}],\"inLanguage\":\"en-GB\"},{\"@type\":\"Organization\",\"@id\":\"https:\/\/www.superbruk.com.pl\/#organization\",\"name\":\"Superbruk\",\"url\":\"https:\/\/www.superbruk.com.pl\/\",\"logo\":{\"@type\":\"ImageObject\",\"inLanguage\":\"en-GB\",\"@id\":\"https:\/\/www.superbruk.com.pl\/#\/schema\/logo\/image\/\",\"url\":\"https:\/\/www.superbruk.com.pl\/wp-content\/uploads\/2025\/03\/logo.png\",\"contentUrl\":\"https:\/\/www.superbruk.com.pl\/wp-content\/uploads\/2025\/03\/logo.png\",\"width\":154,\"height\":44,\"caption\":\"Superbruk\"},\"image\":{\"@id\":\"https:\/\/www.superbruk.com.pl\/#\/schema\/logo\/image\/\"}}]}<\/script>\n<!-- \/ Yoast SEO plugin. -->","yoast_head_json":{"title":"Sales representatives - ABW Superbruk","robots":{"index":"index","follow":"follow","max-snippet":"max-snippet:-1","max-image-preview":"max-image-preview:large","max-video-preview":"max-video-preview:-1"},"canonical":"https:\/\/www.superbruk.com.pl\/en\/sales-representatives\/","og_locale":"en_GB","og_type":"article","og_title":"Przedstawiciele handlowi - ABW Superbruk","og_url":"https:\/\/www.superbruk.com.pl\/en\/sales-representatives\/","og_site_name":"ABW Superbruk","article_modified_time":"2026-04-09T08:58:40+00:00","twitter_card":"summary_large_image","twitter_misc":{"Estimated reading time":"2 minutes"},"schema":{"@context":"https:\/\/schema.org","@graph":[{"@type":"WebPage","@id":"https:\/\/www.superbruk.com.pl\/przedstawiciele-handlowi\/","url":"https:\/\/www.superbruk.com.pl\/przedstawiciele-handlowi\/","name":"Sales representatives - ABW Superbruk","isPartOf":{"@id":"https:\/\/www.superbruk.com.pl\/#website"},"datePublished":"2025-04-24T06:58:23+00:00","dateModified":"2026-04-09T08:58:40+00:00","breadcrumb":{"@id":"https:\/\/www.superbruk.com.pl\/przedstawiciele-handlowi\/#breadcrumb"},"inLanguage":"en-GB","potentialAction":[{"@type":"ReadAction","target":["https:\/\/www.superbruk.com.pl\/przedstawiciele-handlowi\/"]}]},{"@type":"BreadcrumbList","@id":"https:\/\/www.superbruk.com.pl\/przedstawiciele-handlowi\/#breadcrumb","itemListElement":[{"@type":"ListItem","position":1,"name":"Strona g\u0142\u00f3wna","item":"https:\/\/www.superbruk.com.pl\/"},{"@type":"ListItem","position":2,"name":"Przedstawiciele handlowi"}]},{"@type":"WebSite","@id":"https:\/\/www.superbruk.com.pl\/#website","url":"https:\/\/www.superbruk.com.pl\/","name":"Superbruk","description":"","publisher":{"@id":"https:\/\/www.superbruk.com.pl\/#organization"},"potentialAction":[{"@type":"SearchAction","target":{"@type":"EntryPoint","urlTemplate":"https:\/\/www.superbruk.com.pl\/?s={search_term_string}"},"query-input":{"@type":"PropertyValueSpecification","valueRequired":true,"valueName":"search_term_string"}}],"inLanguage":"en-GB"},{"@type":"Organization","@id":"https:\/\/www.superbruk.com.pl\/#organization","name":"Superbruk","url":"https:\/\/www.superbruk.com.pl\/","logo":{"@type":"ImageObject","inLanguage":"en-GB","@id":"https:\/\/www.superbruk.com.pl\/#\/schema\/logo\/image\/","url":"https:\/\/www.superbruk.com.pl\/wp-content\/uploads\/2025\/03\/logo.png","contentUrl":"https:\/\/www.superbruk.com.pl\/wp-content\/uploads\/2025\/03\/logo.png","width":154,"height":44,"caption":"Superbruk"},"image":{"@id":"https:\/\/www.superbruk.com.pl\/#\/schema\/logo\/image\/"}}]}},"_links":{"self":[{"href":"https:\/\/www.superbruk.com.pl\/en\/wp-json\/wp\/v2\/pages\/1756","targetHints":{"allow":["GET"]}}],"collection":[{"href":"https:\/\/www.superbruk.com.pl\/en\/wp-json\/wp\/v2\/pages"}],"about":[{"href":"https:\/\/www.superbruk.com.pl\/en\/wp-json\/wp\/v2\/types\/page"}],"author":[{"embeddable":true,"href":"https:\/\/www.superbruk.com.pl\/en\/wp-json\/wp\/v2\/users\/1"}],"replies":[{"embeddable":true,"href":"https:\/\/www.superbruk.com.pl\/en\/wp-json\/wp\/v2\/comments?post=1756"}],"version-history":[{"count":0,"href":"https:\/\/www.superbruk.com.pl\/en\/wp-json\/wp\/v2\/pages\/1756\/revisions"}],"wp:attachment":[{"href":"https:\/\/www.superbruk.com.pl\/en\/wp-json\/wp\/v2\/media?parent=1756"}],"wp:term":[{"taxonomy":"produkty","embeddable":true,"href":"https:\/\/www.superbruk.com.pl\/en\/wp-json\/wp\/v2\/produkty?post=1756"}],"curies":[{"name":"wp","href":"https:\/\/api.w.org\/{rel}","templated":true}]}}